{"id":2,"date":"2016-05-10T03:48:21","date_gmt":"2016-05-10T03:48:21","guid":{"rendered":"http:\/\/toelzer-immobilienboerse.de\/?page_id=2"},"modified":"2020-02-23T09:15:32","modified_gmt":"2020-02-23T09:15:32","slug":"sample-page","status":"publish","type":"page","link":"https:\/\/toelzer-immobilienboerse.de\/?page_id=2","title":{"rendered":"Datenschutz"},"content":{"rendered":"<p><div class=\"fusion-fullwidth fullwidth-box fusion-builder-row-1 nonhundred-percent-fullwidth non-hundred-percent-height-scrolling\" style=\"--awb-border-radius-top-left:0px;--awb-border-radius-top-right:0px;--awb-border-radius-bottom-right:0px;--awb-border-radius-bottom-left:0px;--awb-padding-top:20px;--awb-padding-bottom:20px;--awb-flex-wrap:wrap;\" ><div class=\"fusion-builder-row fusion-row\"><div class=\"fusion-layout-column fusion_builder_column fusion-builder-column-0 fusion_builder_column_1_2 1_2 fusion-one-half fusion-column-first\" style=\"--awb-bg-size:cover;width:50%;width:calc(50% - ( ( 4% ) * 0.5 ) );margin-right: 4%;\"><div class=\"fusion-column-wrapper fusion-flex-column-wrapper-legacy\"><div class=\"fusion-text fusion-text-1\"><p><span style=\"font-size: 24pt;\"><strong>Datenschutz<\/strong><\/span><\/p>\n<\/div><div class=\"fusion-sep-clear\"><\/div><div class=\"fusion-separator fusion-clearfix\" style=\"float:left;margin-bottom:35px;width:100%;max-width:170px;\"><div class=\"fusion-separator-border sep-single sep-solid\" style=\"--awb-height:20px;--awb-amount:20px;border-color:#e0dede;border-top-width:3px;\"><\/div><\/div><div class=\"fusion-sep-clear\"><\/div><div class=\"fusion-clearfix\"><\/div><\/div><\/div><div class=\"fusion-layout-column fusion_builder_column fusion-builder-column-1 fusion_builder_column_1_2 1_2 fusion-one-half fusion-column-last\" style=\"--awb-bg-size:cover;width:50%;width:calc(50% - ( ( 4% ) * 0.5 ) );\"><div class=\"fusion-column-wrapper fusion-flex-column-wrapper-legacy\"><div class=\"fusion-image-element in-legacy-container\" style=\"--awb-caption-title-font-family:var(--h2_typography-font-family);--awb-caption-title-font-weight:var(--h2_typography-font-weight);--awb-caption-title-font-style:var(--h2_typography-font-style);--awb-caption-title-size:var(--h2_typography-font-size);--awb-caption-title-transform:var(--h2_typography-text-transform);--awb-caption-title-line-height:var(--h2_typography-line-height);--awb-caption-title-letter-spacing:var(--h2_typography-letter-spacing);\"><span class=\" fusion-imageframe imageframe-none imageframe-1 hover-type-none\"><img decoding=\"async\" src=\"https:\/\/toelzer-immobilienboerse.de\/wp-content\/uploads\/2016\/10\/Recht-300x200.jpg\" alt class=\"img-responsive\"\/><\/span><\/div><div class=\"fusion-sep-clear\"><\/div><div class=\"fusion-separator fusion-full-width-sep\" style=\"margin-left: auto;margin-right: auto;width:100%;\"><\/div><div class=\"fusion-sep-clear\"><\/div><div class=\"fusion-clearfix\"><\/div><\/div><\/div><\/div><\/div><div class=\"fusion-fullwidth fullwidth-box fusion-builder-row-2 nonhundred-percent-fullwidth non-hundred-percent-height-scrolling\" style=\"--awb-border-radius-top-left:0px;--awb-border-radius-top-right:0px;--awb-border-radius-bottom-right:0px;--awb-border-radius-bottom-left:0px;--awb-padding-top:20px;--awb-padding-bottom:20px;--awb-flex-wrap:wrap;\" ><div class=\"fusion-builder-row fusion-row\"><div class=\"fusion-layout-column fusion_builder_column fusion-builder-column-2 fusion_builder_column_1_1 1_1 fusion-one-full fusion-column-first fusion-column-last\" style=\"--awb-bg-size:cover;\"><div class=\"fusion-column-wrapper fusion-flex-column-wrapper-legacy\"><div class=\"fusion-text fusion-text-2\"><div class=\"fusion-text fusion-text-2\"><\/div>\n<div style=\"text-align: left;\"><\/div>\n<div><\/div>\n<p><span style=\"font-size: 14pt;\"><strong>Zweck der Datenverarbeitung und Datenschutz<\/strong><\/span><\/p>\n<p>Die T\u00f6lzer Immobilienb\u00f6rse erhebt, speichert oder verarbeitet Daten f\u00fcr die Erf\u00fcllung eigener Gesch\u00e4ftszwecke sowie f\u00fcr Zwecke der Werbung. Wir nehmen den Schutz Ihrer pers\u00f6nlichen Daten sehr ernst. Wir behandeln Ihre personenbezogenen Daten vertraulich und entsprechend der gesetzlichen Datenschutzvorschriften sowie dieser Datenschutzerkl\u00e4rung. Die Nutzung unserer Webseite ist in der Regel ohne Angabe personenbezogener Daten m\u00f6glich. Soweit auf unseren Seiten personenbezogene Daten (beispielsweise Name, Anschrift oder E-Mail-Adressen) erhoben werden, erfolgt dies, soweit m\u00f6glich, stets auf freiwilliger Basis. Diese Daten werden ohne Ihre ausdr\u00fcckliche Zustimmung nicht an Dritte weitergegeben. Wir weisen darauf hin, dass die Daten\u00fcbertragung im Internet (z.B. bei der Kommunikation per E-Mail) Sicherheitsl\u00fccken aufweisen kann. Ein l\u00fcckenloser Schutz der Daten vor dem Zugriff durch Dritte ist nicht m\u00f6glich.<\/p>\n<p><span style=\"font-size: 14pt;\"><strong>Kontaktformular<\/strong><\/span><\/p>\n<p>Treten Sie per E-Mail oder Kontaktformular mit uns in Kontakt, werden die von Ihnen gemachten Angaben zum Zwecke der Bearbeitung der Anfrage sowie f\u00fcr m\u00f6gliche Anschlussfragen gespeichert.<\/p>\n<p>Ihre Rechte auf Auskunft, Berichtigung, Sperre oder L\u00f6schung<\/p>\n<p>Personenbezogene Daten, die uns \u00fcber unsere Webseite mitgeteilt worden sind, werden nur solange gespeichert, bis der Zweck erf\u00fcllt ist, zu dem sie uns anvertraut wurden. Sollten Sie mit der Speicherung Ihrer personenbezogenen Daten nicht mehr einverstanden oder diese unrichtig geworden sind, werden wir auf eine entsprechende Weisung hin die L\u00f6schung oder Sperrung Ihrer Daten veranlassen oder die notwendigen Korrekturen vornehmen (soweit dies nach dem geltendem Recht m\u00f6glich ist). Auf Wunsch erhalten Sie unentgeltlich Auskunft \u00fcber alle personenbezogenen Daten, die wir \u00fcber Sie gespeichert haben. In vorgenannten F\u00e4llen schreiben Sie uns bitte eine E-Mail: <a href=\"mailto:datenschutz@toelzer-immobilienboerse.de\">datenschutz@toelzer-immobilienboerse.de<\/a><\/p>\n<p><span style=\"font-size: 14pt;\"><strong>Cookies<\/strong><\/span><\/p>\n<p>Wie viele andere Webseiten verwenden wir auch so genannte \u201eCookies\u201c. Cookies sind kleine Textdateien, die von einem Webseitenserver auf Ihre Festplatte \u00fcbertragen werden. Hierdurch erhalten wir automatisch bestimmte Daten wie z. B. IP-Adresse, verwendeter Browser, Betriebssystem \u00fcber Ihren Computer und Ihre Verbindung zum Internet. Cookies k\u00f6nnen nicht verwendet werden, um Programme zu starten oder Viren auf einen Computer zu \u00fcbertragen. Die den in Cookies enthaltenen Informationen, k\u00f6nnen wir Ihnen die Navigation erleichtern und die korrekte Anzeige unserer Webseiten erm\u00f6glichen. In keinem Fall werden die von uns erfassten Daten an Dritte weitergegeben oder ohne Ihre Einwilligung eine Verkn\u00fcpfung mit personenbezogenen Daten hergestellt. Nat\u00fcrlich k\u00f6nnen Sie unsere Website grunds\u00e4tzlich auch ohne Cookies betrachten. Internet-Browser sind regelm\u00e4\u00dfig so eingestellt, dass sie Cookies akzeptieren. Sie k\u00f6nnen die Verwendung von Cookies jederzeit \u00fcber die Einstellungen Ihres Browsers deaktivieren. Bitte verwenden Sie die Hilfefunktionen Ihres Internetbrowsers, um zu erfahren, wie Sie diese Einstellungen \u00e4ndern k\u00f6nnen. Bitte beachten Sie, dass einzelne Funktionen unserer Website m\u00f6glicherweise nicht funktionieren, wenn Sie die Verwendung von Cookies deaktiviert haben.<\/p>\n<p><span style=\"font-size: 14pt;\"><strong>Server-Log-Files<\/strong><\/span><\/p>\n<p>Der Provider der Seiten erhebt und speichert automatisch Informationen in so genannten Server-Log Files, die Ihr Browser automatisch an uns \u00fcbermittelt. Dies sind:<\/p>\n<p>&#8211; Browsertyp\/ Browserversion<br \/>\n&#8211; verwendetes Betriebssystem<br \/>\n&#8211; Referrer URL<br \/>\n&#8211; Hostname des zugreifenden Rechners<br \/>\n&#8211; Uhrzeit der Serveranfrage<\/p>\n<p>Diese Daten sind nicht bestimmten Personen zuordenbar. Eine Zusammenf\u00fchrung dieser Daten mit anderen Datenquellen wird nicht vorgenommen. Wir behalten uns vor, diese Daten nachtr\u00e4glich zu pr\u00fcfen, wenn uns konkrete Anhaltspunkte f\u00fcr eine rechtswidrige Nutzung bekannt werden.<\/p>\n<p><span style=\"font-size: 14pt;\"><strong>Verwendung von Google Analytics<\/strong><\/span><\/p>\n<p>Diese Webseite benutzt Google Analytics, einen Webanalysedienst der Google Inc. (\u201cGoogle\u201d). Google Analytics verwendet sog. \u201cCookies\u201d, Textdateien, die auf Ihrem Computer gespeichert werden und die eine Analyse der Benutzung der Webseite durch Sie erm\u00f6glichen. Die durch den Cookie erzeugten Informationen \u00fcber Ihre Benutzung dieser Webseite werden in der Regel an einen Server von Google in den USA \u00fcbertragen und dort gespeichert. Aufgrund der Aktivierung der IP-Anonymisierung auf diesen Webseiten, wird Ihre IP-Adresse von Google jedoch innerhalb von Mitgliedstaaten der Europ\u00e4ischen Union oder in anderen Vertragsstaaten des Abkommens \u00fcber den Europ\u00e4ischen Wirtschaftsraum zuvor gek\u00fcrzt. Nur in Ausnahmef\u00e4llen wird die volle IP-Adresse an einen Server von Google in den USA \u00fcbertragen und dort gek\u00fcrzt. Im Auftrag des Betreibers dieser Webseite wird Google diese Informationen benutzen, um Ihre Nutzung der Webseite auszuwerten, um Reports \u00fcber die Webseitenaktivit\u00e4ten zusammenzustellen und um weitere mit der Webseitennutzung und der Internetnutzung verbundene Dienstleistungen gegen\u00fcber dem Webseitenbetreiber zu erbringen. Die im Rahmen von Google Analytics von Ihrem Browser \u00fcbermittelte IP-Adresse wird nicht mit anderen Daten von Google zusammengef\u00fchrt. Sie k\u00f6nnen die Speicherung der Cookies durch eine entsprechende Einstellung Ihrer Browser-Software verhindern; wir weisen Sie jedoch darauf hin, dass Sie in diesem Fall gegebenenfalls nicht s\u00e4mtliche Funktionen dieser Webseite vollumf\u00e4nglich werden nutzen k\u00f6nnen. Sie k\u00f6nnen dar\u00fcber hinaus die Erfassung der durch das Cookie erzeugten und auf Ihre Nutzung der Webseite bezogenen Daten (inkl. Ihrer IP-Adresse) an Google sowie die Verarbeitung dieser Daten durch Google verhindern, indem sie das unter dem folgenden Link verf\u00fcgbare Browser-Plugin herunterladen und installieren:<\/p>\n<p>Link: Browser <a href=\"https:\/\/tools.google.com\/dlpage\/gaoptout?hl=de\" target=\"_blank\" rel=\"noopener noreferrer\">Add On zur Deaktivierung von Google Analytics<\/a><\/p>\n<p>Zus\u00e4tzlich oder als Alternative zum Browser-Add-On k\u00f6nnen Sie das Tracking durch Google Analytics auf unseren Seiten unterbinden, indem Sie diesen Link anklicken. Dabei wird ein Opt-Out-Cookie auf Ihrem Ger\u00e4t installiert. Damit wird die Erfassung durch Google Analytics f\u00fcr diese Website und f\u00fcr diesen Browser zuk\u00fcnftig verhindert, solange der Cookie in Ihrem Browser installiert bleibt.<\/p>\n<p><span style=\"font-size: 14pt;\"><strong>Facebook Social Plugin<\/strong><\/span><\/p>\n<p>Auf unseren Webseiten werden Social Plugins des sozialen Netzwerkes Facebook eingesetzt. Die Plugins k\u00f6nnen Sie daran erkennen, dass sie mit dem entsprechenden Logo gekennzeichnet sind. Bekannte Plugins sind z.B. der \u201eGef\u00e4llt mir\u201c oder \u201eTeilen\u201c-Button von Facebook. \u00dcber diese Plugins werden unter Umst\u00e4nden Informationen, zu denen auch personenbezogene Daten geh\u00f6ren k\u00f6nnen, an den Dienstbetreiber gesendet und ggf. von diesem genutzt. Wir verhindern die unbewusste und ungewollte Erfassung und \u00dcbertragung von Daten an den Dienstanbieter durch eine 2-Klick-L\u00f6sung. Um ein gew\u00fcnschtes Plugin zu aktivieren, muss dieses erst durch Klick auf den entsprechenden Schalter aktiviert werden. Erst durch diese Aktivierung des Plugins wird auch die Erfassung von Informationen und deren \u00dcbertragung an den Dienstanbieter ausgel\u00f6st. Wir erfassen selbst keine personenbezogenen Daten mittels der Social Plugins oder \u00fcber deren Nutzung. Wir haben keinen Einfluss darauf, welche Daten ein aktiviertes Plugin erfasst und wie diese durch den Anbieter verwendet werden. Derzeit muss davon ausgegangen werden, dass mindestens die IP-Adresse und ger\u00e4tebezogene Informationen erfasst und genutzt werden. Ebenfalls besteht die M\u00f6glichkeit, dass die Dienstanbieter versuchen, Cookies auf dem verwendeten Rechner zu speichern. Der Facebook-Like-Button baut eine direkte Verbindung zu den Diensten von Facebook Inc., 1601 S. California Ave, Palo Alto, CA 94304, USA auf. Facebook wird dadurch \u00fcber den Besuch einer bestimmten Seite informiert. Falls Sie zeitgleich bei Facebook angemeldet sind, kann Facebook Sie als Besucher einer bestimmten Seite identifizieren. Welche Daten hierbei im \u00dcbrigen erfasst und wie diese genutzt werden, entnehmen Sie bitte den Datenschutzhinweisen von Facebook: <a href=\"https:\/\/www.facebook.com\/help\/?faq=186325668085084\" target=\"_blank\" rel=\"noopener noreferrer\">https:\/\/www.facebook.com\/help\/?faq=186325668085084<\/a> M\u00f6glichkeiten zum Schutz Ihrer Privatsp\u00e4hre innerhalb von facebook finden Sie unter: <a href=\"http:\/\/www.facebook.com\/policy.php\" target=\"_blank\" rel=\"noopener noreferrer\">http:\/\/www.facebook.com\/policy.php<\/a><\/p>\n<p><span style=\"font-size: 14pt;\"><strong>Google+ Social Plugin<\/strong><\/span><\/p>\n<p>Auf unseren Webseiten wird auch das Social Plugins des sozialen Netzwerkes Google+ eingesetzt. Der Plugin von Google ist an dem Zeichen \u201c+1\u2033 auf wei\u00dfem oder farbigen Hintergrund erkennbar. \u00dcber dieses Plugin werden unter Umst\u00e4nden Informationen, zu denen auch personenbezogene Daten geh\u00f6ren k\u00f6nnen, an den Dienstbetreiber gesendet und ggf. von diesem genutzt. Wir verhindern die unbewusste und ungewollte Erfassung und \u00dcbertragung von Daten an den Dienstanbieter durch eine 2-Klick-L\u00f6sung. Um das gew\u00fcnschte Plugin zu aktivieren, muss dieses erst durch Klick auf den entsprechenden Schalter aktiviert werden. Erst durch diese Aktivierung des Plugins wird auch die Erfassung von Informationen und deren \u00dcbertragung an den Dienstanbieter ausgel\u00f6st. Wir erfassen selbst keine personenbezogenen Daten mittels des Social Plugins oder \u00fcber deren Nutzung. Wir haben keinen Einfluss darauf, welche Daten ein aktiviertes Plugin erfasst und wie diese durch den Anbieter verwendet werden. Derzeit muss davon ausgegangen werden, dass mindestens die IP-Adresse und ger\u00e4tebezogene Informationen erfasst und genutzt werden. Ebenfalls besteht die M\u00f6glichkeit, dass die Dienstanbieter versuchen, Cookies auf dem verwendeten Rechner zu speichern. Das Social Plugin von Google+ baut eine direkte Verbindung zu den Diensten von Google Inc., 1600 Amphitheatre Parkway, Mountain View, CA 94043, USA auf. Google wird dadurch \u00fcber den Besuch einer bestimmten Webseite informiert. Sind Sie zeitgleich bei Google angemeldet, kann Google Sie als Besucher der betroffenen Seiten identifizieren. Welche Daten hierbei erfasst und wie diese genutzt werden, entnehmen Sie bitte den Datenschutzhinweisen von Google: <a href=\"https:\/\/www.google.com\/intl\/de\/policies\/privacy\/\" target=\"_blank\" rel=\"noopener noreferrer\">https:\/\/www.google.com\/intl\/de\/policies\/privacy\/<\/a> . Einstellungsm\u00f6glichkeiten zum Schutz Ihrer Privatsph\u00e4re finden Sie unter: <a href=\"https:\/\/www.google.com\/dashboard\/?hl=de\" target=\"_blank\" rel=\"noopener noreferrer\">https:\/\/www.google.com\/dashboard\/?hl=de<\/a><\/p>\n<p><span style=\"font-size: 14pt;\"><strong>Twitter Social Plugin<\/strong><\/span><\/p>\n<p>Auf unseren Webseiten wird auch das Social Plugin des sozialen Netzwerkes Twitter eingesetzt. Der Plugin von Twitter ist an der Aufschrift \u201eTweet\u201c erkennbar. \u00dcber dieses Plugin werden unter Umst\u00e4nden Informationen, zu denen auch personenbezogene Daten geh\u00f6ren k\u00f6nnen, an den Dienstbetreiber gesendet und ggf. von diesem genutzt. Wir verhindern die unbewusste und ungewollte Erfassung und \u00dcbertragung von Daten an den Dienstanbieter durch eine 2-Klick-L\u00f6sung. Um das gew\u00fcnschte Plugin zu aktivieren, muss dieses erst durch Klick auf den entsprechenden Schalter aktiviert werden. Erst durch diese Aktivierung des Plugins wird auch die Erfassung von Informationen und deren \u00dcbertragung an den Dienstanbieter ausgel\u00f6st. Wir erfassen selbst keine personenbezogenen Daten mittels des Social Plugins oder \u00fcber deren Nutzung. Wir haben keinen Einfluss darauf, welche Daten ein aktiviertes Plugin erfasst und wie diese durch den Anbieter verwendet werden. Derzeit muss davon ausgegangen werden, dass mindestens die IP-Adresse und ger\u00e4tebezogene Informationen erfasst und genutzt werden. Ebenfalls besteht die M\u00f6glichkeit, dass die Dienstanbieter versuchen, Cookies auf dem verwendeten Rechner zu speichern. Das Social Plugin von Twitter baut eine direkte Verbindung zu den Diensten von Twitter Inc., 795 Folsom St., Suite 600, San Francisco, CA 94107, USA auf. Twitter wird dadurch \u00fcber den Besuch einer bestimmten Webseite informiert. Welche Daten hierbei erfasst und wie diese genutzt werden, entnehmen Sie bitte den Datenschutzhinweisen von Twitter unter <a href=\"https:\/\/twitter.com\/privacy?lang=de\" target=\"_blank\" rel=\"noopener noreferrer\">https:\/\/twitter.com\/privacy?lang=de<\/a><\/p>\n<p><span style=\"font-size: 14pt;\"><strong>Google AdWords<\/strong><\/span><\/p>\n<p>Unsere Webseite nutzt das Google Conversion-Tracking. Sind Sie \u00fcber eine von Google geschaltete Anzeige auf unsere Webseite gelangt, wird von Google Adwords ein Cookie auf Ihrem Rechner gesetzt. Das Cookie f\u00fcr Conversion-Tracking wird gesetzt, wenn ein Nutzer auf eine von Google geschaltete Anzeige klickt. Diese Cookies verlieren nach 30 Tagen ihre G\u00fcltigkeit und dienen nicht der pers\u00f6nlichen Identifizierung. Besucht der Nutzer bestimmte Seiten unserer Website und das Cookie ist noch nicht abgelaufen, k\u00f6nnen wir und Google erkennen, dass der Nutzer auf die Anzeige geklickt hat und zu dieser Seite weitergeleitet wurde. Jeder Google AdWords-Kunde erh\u00e4lt ein anderes Cookie. Cookies k\u00f6nnen somit nicht \u00fcber die Websites von AdWords-Kunden nachverfolgt werden. Die mithilfe des Conversion-Cookies eingeholten Informationen dienen dazu, Conversion-Statistiken f\u00fcr AdWords-Kunden zu erstellen, die sich f\u00fcr Conversion-Tracking entschieden haben. Die Kunden erfahren die Gesamtanzahl der Nutzer, die auf ihre Anzeige geklickt haben und zu einer mit einem Conversion-Tracking-Tag versehenen Seite weitergeleitet wurden. Sie erhalten jedoch keine Informationen, mit denen sich Nutzer pers\u00f6nlich identifizieren lassen. M\u00f6chten Sie nicht am Tracking teilnehmen, k\u00f6nnen Sie das hierf\u00fcr erforderliche Setzen eines Cookies ablehnen \u2013 etwa per Browser-Einstellung, die das automatische Setzen von Cookies generell deaktiviert oder Ihren Browser so einstellen, dass Cookies von der Domain \u201egoogleleadservices.com\u201c blockiert werden. Bitte beachten Sie, dass Sie die Opt-out-Cookies nicht l\u00f6schen d\u00fcrfen, solange Sie keine Aufzeichnung von Messdaten w\u00fcnschen. Haben Sie alle Ihre Cookies im Browser gel\u00f6scht, m\u00fcssen Sie das jeweilige Opt-out Cookie erneut setzen.<\/p>\n<p><strong><span style=\"font-size: 14pt;\">Widerspruch Werbe-Mails<\/span><\/strong><\/p>\n<p>Der Nutzung von im Rahmen der Impressumspflicht ver\u00f6ffentlichten Kontaktdaten zur \u00fcbersendung von nicht ausdr\u00fccklich angeforderter Werbung und Informationsmaterialien wird hiermit widersprochen. Die Betreiber der Seiten behalten sich ausdr\u00fccklich rechtliche Schritte im Falle der unverlangten Zusendung von Werbeinformationen, etwa durch Spam-E-Mails, vor.<\/p>\n<p><span style=\"font-size: 14pt;\"><strong>\u00c4nderung unserer Datenschutzbestimmungen<\/strong><\/span><\/p>\n<p>Wir behalten uns vor, diese Datenschutzerkl\u00e4rung gelegentlich anzupassen, damit sie stets den aktuellen rechtlichen Anforderungen entspricht oder um \u00c4nderungen unserer Leistungen in der Datenschutzerkl\u00e4rung umzusetzen, z. B. bei Einf\u00fchrung neuer Services. F\u00fcr Ihren erneuten Besuch gilt dann die neue Datenschutzerkl\u00e4rung.<\/p>\n<p><span style=\"font-size: 14pt;\"><strong>Fragen an den Datenschutzbeauftragten<\/strong><\/span><\/p>\n<p>Wenn Sie Fragen zum Datenschutz haben, schreiben Sie uns bitte eine E-Mail: <a href=\"mailto:datenschutz@toelzer-immobilienboerse.de\">datenschutz@toelzer-immobilienboerse.de<\/a><\/p>\n<p>Kontakt:<br \/>\nImmobilienb\u00f6rse<br \/>\nInhaber: Markus Ronovsk\u00fd<br \/>\nTheresienstra\u00dfe 68, 85399 Hallbergmoos<\/p>\n<p>Telefon +49 (0)8 11.982 599<br \/>\nTelefax +49 (0)8 11.9 35 99<\/p>\n<div><\/div>\n<\/div><div class=\"fusion-clearfix\"><\/div><\/div><\/div><\/div><\/div><div class=\"fusion-fullwidth fullwidth-box fusion-builder-row-3 nonhundred-percent-fullwidth non-hundred-percent-height-scrolling\" style=\"--awb-border-radius-top-left:0px;--awb-border-radius-top-right:0px;--awb-border-radius-bottom-right:0px;--awb-border-radius-bottom-left:0px;--awb-flex-wrap:wrap;\" ><\/div><\/p>\n","protected":false},"excerpt":{"rendered":"","protected":false},"author":1,"featured_media":0,"parent":0,"menu_order":0,"comment_status":"closed","ping_status":"open","template":"","meta":{"footnotes":""},"class_list":["post-2","page","type-page","status-publish","hentry"],"_links":{"self":[{"href":"https:\/\/toelzer-immobilienboerse.de\/index.php?rest_route=\/wp\/v2\/pages\/2","targetHints":{"allow":["GET"]}}],"collection":[{"href":"https:\/\/toelzer-immobilienboerse.de\/index.php?rest_route=\/wp\/v2\/pages"}],"about":[{"href":"https:\/\/toelzer-immobilienboerse.de\/index.php?rest_route=\/wp\/v2\/types\/page"}],"author":[{"embeddable":true,"href":"https:\/\/toelzer-immobilienboerse.de\/index.php?rest_route=\/wp\/v2\/users\/1"}],"replies":[{"embeddable":true,"href":"https:\/\/toelzer-immobilienboerse.de\/index.php?rest_route=%2Fwp%2Fv2%2Fcomments&post=2"}],"version-history":[{"count":5,"href":"https:\/\/toelzer-immobilienboerse.de\/index.php?rest_route=\/wp\/v2\/pages\/2\/revisions"}],"predecessor-version":[{"id":788,"href":"https:\/\/toelzer-immobilienboerse.de\/index.php?rest_route=\/wp\/v2\/pages\/2\/revisions\/788"}],"wp:attachment":[{"href":"https:\/\/toelzer-immobilienboerse.de\/index.php?rest_route=%2Fwp%2Fv2%2Fmedia&parent=2"}],"curies":[{"name":"wp","href":"https:\/\/api.w.org\/{rel}","templated":true}]}}