{"id":555,"date":"2015-06-30T20:11:12","date_gmt":"2015-06-30T20:11:12","guid":{"rendered":"https:\/\/toelzer-immobilienboerse.de\/?page_id=555"},"modified":"2020-02-23T09:19:45","modified_gmt":"2020-02-23T09:19:45","slug":"architecture","status":"publish","type":"page","link":"https:\/\/toelzer-immobilienboerse.de\/?page_id=555","title":{"rendered":"Immobilien-Bewertung"},"content":{"rendered":"<p><div class=\"fusion-bg-parallax\" data-bg-align=\"left top\" data-direction=\"up\" data-mute=\"false\" data-opacity=\"100\" data-velocity=\"-0.3\" data-mobile-enabled=\"false\" data-break_parents=\"0\" data-bg-image=\"https:\/\/toelzer-immobilienboerse.de\/wp-content\/uploads\/2015\/02\/home-section1.jpg\" data-bg-repeat=\"false\" ><\/div><div class=\"fusion-fullwidth fullwidth-box fusion-builder-row-1 fusion-parallax-up nonhundred-percent-fullwidth non-hundred-percent-height-scrolling\" style=\"--awb-background-position:left top;--awb-border-radius-top-left:0px;--awb-border-radius-top-right:0px;--awb-border-radius-bottom-right:0px;--awb-border-radius-bottom-left:0px;--awb-padding-top:130px;--awb-padding-bottom:120px;--awb-background-image:url(&quot;https:\/\/toelzer-immobilienboerse.de\/wp-content\/uploads\/2015\/02\/home-section1.jpg&quot;);--awb-background-size:cover;--awb-border-sizes-top:0px;--awb-border-sizes-bottom:0px;--awb-flex-wrap:wrap;\" ><div class=\"fusion-builder-row fusion-row\"><div class=\"fusion-layout-column fusion_builder_column fusion-builder-column-0 fusion_builder_column_1_2 1_2 fusion-one-half fusion-column-first\" style=\"--awb-bg-size:cover;width:48%; margin-right: 4%;\"><div class=\"fusion-column-wrapper fusion-flex-column-wrapper-legacy\"><div class=\"fusion-text fusion-text-1\"><h2><span style=\"color: #ffffff;\">IMMOBILIEN &#8211; BEWERTUNG<\/span><\/h2>\n<\/div><div class=\"fusion-sep-clear\"><\/div><div class=\"fusion-separator fusion-full-width-sep\" style=\"margin-left: auto;margin-right: auto;margin-top:20px;width:100%;\"><\/div><div class=\"fusion-sep-clear\"><\/div><div class=\"fusion-button-wrapper\"><a class=\"fusion-button button-flat button-xlarge button-default fusion-button-default button-1 fusion-button-default-span fusion-button-default-type\" target=\"_self\" href=\"https:\/\/toelzer-immobilienboerse.de\/?page_id=15\"><span class=\"fusion-button-text awb-button__text awb-button__text--default\">KONTAKTAUFNAHME<\/span><\/a><\/div><div class=\"fusion-clearfix\"><\/div><\/div><\/div><div class=\"fusion-layout-column fusion_builder_column fusion-builder-column-1 fusion_builder_column_1_2 1_2 fusion-one-half fusion-column-last\" style=\"--awb-bg-size:cover;width:48%;\"><div class=\"fusion-column-wrapper fusion-flex-column-wrapper-legacy\"><div class=\"fusion-clearfix\"><\/div><\/div><\/div><\/div><\/div><div class=\"fusion-fullwidth fullwidth-box fusion-builder-row-2 nonhundred-percent-fullwidth non-hundred-percent-height-scrolling\" style=\"--awb-background-position:left top;--awb-border-radius-top-left:0px;--awb-border-radius-top-right:0px;--awb-border-radius-bottom-right:0px;--awb-border-radius-bottom-left:0px;--awb-padding-top:130px;--awb-padding-bottom:130px;--awb-border-sizes-top:0px;--awb-border-sizes-bottom:0px;--awb-flex-wrap:wrap;\" ><div class=\"fusion-builder-row fusion-row\"><div class=\"fusion-layout-column fusion_builder_column fusion-builder-column-2 fusion_builder_column_2_3 2_3 fusion-two-third fusion-column-first\" style=\"--awb-bg-size:cover;width:65.3333%; margin-right: 4%;\"><div class=\"fusion-column-wrapper fusion-flex-column-wrapper-legacy\"><div class=\"fusion-text fusion-text-2\"><p><span style=\"font-size: 24pt;\">EINWERTUNG IHRER IMMMOBILIE ODER IHRES GRUNDST\u00dcCKS<\/span><\/p>\n<\/div><div class=\"fusion-sep-clear\"><\/div><div class=\"fusion-separator fusion-clearfix\" style=\"float:left;margin-top:0px;margin-bottom:35px;width:100%;max-width:170px;\"><div class=\"fusion-separator-border sep-single sep-solid\" style=\"--awb-height:20px;--awb-amount:20px;--awb-sep-color:#e2e3e8;border-color:#e2e3e8;border-top-width:3px;\"><\/div><\/div><div class=\"fusion-sep-clear\"><\/div><div class=\"fusion-text fusion-text-3\"><h3><\/h3>\n<\/div><div class=\"fusion-text fusion-text-4\"><p><span style=\"font-size: 14pt;\"><strong>Kriterien bei der Preisermittlung<\/strong><\/span><\/p>\n<p><strong>Ein guter Preis ist der Dreh- und Angelpunkt f\u00fcr den erfolgreichen Verkauf Ihrer Immobilie. So sorgen Sie f\u00fcr eine realistische Immobilienbewertung.<\/strong><br \/>\nIst der Preis zu hoch, finden Sie keine Interessenten. Ist er zu niedrig, verschenken Sie Geld. Die Frage ist also: Wie ermitteln Sie den optimalen Preis?<\/p>\n<p>Wenn Sie Ihre Immobilie vor nicht allzu langer Zeit gekauft haben, nehmen Sie den Kaufpreis als ersten Anhaltspunkt. Falls der Kauf l\u00e4nger zur\u00fcckliegt, k\u00f6nnen Sie eine vage Voreinsch\u00e4tzung \u00fcber die Preise vergleichbarer Immobilien auf diversen Immobilienportalen erhalten. Die genaue Preisermittlung h\u00e4ngt von verschiedenen Kriterien ab.<\/p>\n<p><strong><span style=\"font-size: 14pt;\">Kriterien bei der Immobilienbewertung<\/span><\/strong><\/p>\n<p><strong>Lage<\/strong><br \/>\nGro\u00dfen Einfluss auf die Immobilienbewertung hat die Lage Ihrer Immobilie. Die Preise unterscheiden sich lokal enorm. Nehmen Sie Vergleiche daher immer nur mit Immobilien in der N\u00e4he vor.<\/p>\n<p>Auch der unmittelbare Standort spielt eine Rolle bei der Immobilienbewertung. Ausblick, Ger\u00e4uschkulisse und Lichtverh\u00e4ltnisse beeinflussen zum Beispiel den Preis.<\/p>\n<p>Bei der Immobilienbewertung von Baugrundst\u00fccken liefern die Bodenrichtwerte einen Anhaltspunkt. Sie geben an, wie viel ein Quadratmeter Fl\u00e4che in einer bestimmten Lage durchschnittlich kostet. Weil dabei konkrete Eigenschaften des Grundst\u00fccks nicht ber\u00fccksichtigt werden, k\u00f6nnen sie aber stark vom eigentlichen Wert abweichen.<\/p>\n<p><strong>Grundbuchauszug<\/strong><br \/>\nIm Grundbuchauszug sind alle Grundbucheintragungen zu Ihrer Immobilie enthalten. Wichtig f\u00fcr die Immobilienbewertung ist, dass au\u00dfer Ihnen als Verk\u00e4ufer keine andere Person Rechte an Ihrer Immobilie hat. Als Eigent\u00fcmer bekommen Sie den Auszug beim Grundbuchamt. Selbstverst\u00e4ndlich k\u00f6nnen auch wir f\u00fcr Sie das Dokument organisieren.<br \/>\nKriterium bei der Immobilienbewertung: Haustyp, Bauqualit\u00e4t, Ausstattung<br \/>\nEinfamilienhaus, Mehrparteienhaus, Reihenhaus, Villa, Fachwerkhaus oder anderes \u2013 der Haustyp spielt eine wesentliche Rolle bei der Immobilienbewertung. Auch Baupl\u00e4ne mit der Zahl und Aufteilung der Zimmer werden bei der Immobilienbewertung ber\u00fccksichtigt.<\/p>\n<p>Auf den Kaufpreis wirken sich au\u00dferdem die Bauqualit\u00e4t, Qualit\u00e4t und Zustand von Dach, Bad, K\u00fcche und Bodenbel\u00e4gen aus. Eine besondere Ausstattung wie ein sch\u00f6n angelegter Garten, ein Swimmingpool oder ein Kamin beeinflussen ebenfalls die Preisermittlung.<\/p>\n<p><strong>Energieeffizienz<\/strong><br \/>\nMittlerweile ist es Pflicht, Interessenten einen Energieausweis vorzulegen. Ein geringer Energiebedarf wirkt sich vorteilhaft auf die Immobilienbewertung aus. Denn die K\u00e4ufer k\u00f6nnen damit sp\u00e4ter Energiekosten sparen \u2013 und eine hohe Energieeffizienz ist besser f\u00fcr die Umwelt!<br \/>\nKriterium bei der Immobilienbewertung: Rechnungen zu Renovierungen<br \/>\nAufwendige Renovierungen k\u00f6nnen den Wert Ihrer Immobilie erh\u00f6hen. Beziehen Sie zum Beispiel Kosten f\u00fcr Rechnungen von Handwerkern in die Immobilienbewertung mit ein. Am besten ist, wenn Sie uns f\u00fcr die Immobilienbewertung gleich die Belege beilegen k\u00f6nnen.<br \/>\nKriterium bei der Immobilienbewertung: Mietvertr\u00e4ge<br \/>\nVermietete Immobilien erzielen in der Regel etwas geringere Verkaufserl\u00f6se als unvermietete. Ganz wesentlich f\u00fcr die Immobilienbewertung von vermieteten Immobilien sind die Mietvertr\u00e4ge. Dar\u00fcber k\u00f6nnen sich Interessenten ein Bild machen, ob sich durch den Kauf eine Rendite erzielen l\u00e4sst. Neben der monatlichen Miete ist es wichtig, wie lange die Mieter schon im Haus oder in der Wohnung leben.<\/p>\n<p><strong>Professionelle Immobilienbewertung<\/strong><br \/>\nDie Immobilienb\u00f6rse ist markterfahren und kennt die Preise in Ihrer N\u00e4he.<br \/>\nAu\u00dferdem umgehen Sie so zwei Extreme:<\/p>\n<p>Eigent\u00fcmer sind einerseits emotional an Ihre Immobilie gebunden. Dadurch sch\u00e4tzen sie den Preis Ihrer Immobilie h\u00e4ufig zu hoch ein.<\/p>\n<p>Andererseits stehen Eigent\u00fcmer beim Verkauf ihrer Immobilie manchmal unter Zeitdruck. Weil sie das Haus oder die Wohnung schnell verkaufen wollen, setzen sie den Preis dann bei der Immobilienbewertung zu niedrig an.<\/p>\n<p><span style=\"text-decoration: underline;\">Sie k\u00f6nnen sicher sein: Wie ermitteln f\u00fcr Sie den optimalen Preis.<\/span><\/p>\n<\/div><div class=\"fusion-clearfix\"><\/div><\/div><\/div><div class=\"fusion-layout-column fusion_builder_column fusion-builder-column-3 fusion_builder_column_1_3 1_3 fusion-one-third fusion-column-last\" style=\"--awb-bg-size:cover;width:30.6666%;\"><div class=\"fusion-column-wrapper fusion-flex-column-wrapper-legacy\"><div class=\"fusion-image-element in-legacy-container\" style=\"--awb-caption-title-font-family:var(--h2_typography-font-family);--awb-caption-title-font-weight:var(--h2_typography-font-weight);--awb-caption-title-font-style:var(--h2_typography-font-style);--awb-caption-title-size:var(--h2_typography-font-size);--awb-caption-title-transform:var(--h2_typography-text-transform);--awb-caption-title-line-height:var(--h2_typography-line-height);--awb-caption-title-letter-spacing:var(--h2_typography-letter-spacing);\"><span class=\" fusion-imageframe imageframe-none imageframe-1 hover-type-zoomin fusion-animated\" data-animationType=\"fadeInDown\" data-animationDuration=\"1.0\" data-animationOffset=\"top-into-view\"><img decoding=\"async\" src=\"https:\/\/toelzer-immobilienboerse.de\/wp-content\/uploads\/2015\/06\/Immobilien-300x185.jpg\" alt class=\"img-responsive\"\/><\/span><\/div><div class=\"fusion-clearfix\"><\/div><\/div><\/div><\/div><\/div><\/p>\n","protected":false},"excerpt":{"rendered":"","protected":false},"author":1,"featured_media":0,"parent":0,"menu_order":0,"comment_status":"closed","ping_status":"open","template":"100-width.php","meta":{"footnotes":""},"class_list":["post-555","page","type-page","status-publish","hentry"],"_links":{"self":[{"href":"https:\/\/toelzer-immobilienboerse.de\/index.php?rest_route=\/wp\/v2\/pages\/555","targetHints":{"allow":["GET"]}}],"collection":[{"href":"https:\/\/toelzer-immobilienboerse.de\/index.php?rest_route=\/wp\/v2\/pages"}],"about":[{"href":"https:\/\/toelzer-immobilienboerse.de\/index.php?rest_route=\/wp\/v2\/types\/page"}],"author":[{"embeddable":true,"href":"https:\/\/toelzer-immobilienboerse.de\/index.php?rest_route=\/wp\/v2\/users\/1"}],"replies":[{"embeddable":true,"href":"https:\/\/toelzer-immobilienboerse.de\/index.php?rest_route=%2Fwp%2Fv2%2Fcomments&post=555"}],"version-history":[{"count":8,"href":"https:\/\/toelzer-immobilienboerse.de\/index.php?rest_route=\/wp\/v2\/pages\/555\/revisions"}],"predecessor-version":[{"id":792,"href":"https:\/\/toelzer-immobilienboerse.de\/index.php?rest_route=\/wp\/v2\/pages\/555\/revisions\/792"}],"wp:attachment":[{"href":"https:\/\/toelzer-immobilienboerse.de\/index.php?rest_route=%2Fwp%2Fv2%2Fmedia&parent=555"}],"curies":[{"name":"wp","href":"https:\/\/api.w.org\/{rel}","templated":true}]}}