{"id":643,"date":"2015-07-01T01:47:30","date_gmt":"2015-07-01T01:47:30","guid":{"rendered":"https:\/\/toelzer-immobilienboerse.de\/?page_id=643"},"modified":"2020-02-23T09:22:23","modified_gmt":"2020-02-23T09:22:23","slug":"engineering","status":"publish","type":"page","link":"https:\/\/toelzer-immobilienboerse.de\/?page_id=643","title":{"rendered":"Nebenkostenabrechnung"},"content":{"rendered":"<p><div class=\"fusion-bg-parallax\" data-bg-align=\"left center\" data-direction=\"up\" data-mute=\"false\" data-opacity=\"100\" data-velocity=\"-0.3\" data-mobile-enabled=\"false\" data-break_parents=\"0\" data-bg-image=\"https:\/\/toelzer-immobilienboerse.de\/wp-content\/uploads\/2020\/01\/Nebenkostenabrechnung_bearbeitet-scaled.jpg\" data-bg-repeat=\"false\" ><\/div><div class=\"fusion-fullwidth fullwidth-box fusion-builder-row-1 fusion-parallax-up nonhundred-percent-fullwidth non-hundred-percent-height-scrolling\" style=\"--awb-background-position:left center;--awb-border-radius-top-left:0px;--awb-border-radius-top-right:0px;--awb-border-radius-bottom-right:0px;--awb-border-radius-bottom-left:0px;--awb-padding-top:130px;--awb-padding-bottom:120px;--awb-background-image:url(&quot;https:\/\/toelzer-immobilienboerse.de\/wp-content\/uploads\/2020\/01\/Nebenkostenabrechnung_bearbeitet-scaled.jpg&quot;);--awb-background-size:cover;--awb-border-sizes-top:0px;--awb-border-sizes-bottom:0px;--awb-flex-wrap:wrap;\" ><div class=\"fusion-builder-row fusion-row\"><div class=\"fusion-layout-column fusion_builder_column fusion-builder-column-0 fusion_builder_column_1_2 1_2 fusion-one-half fusion-column-first\" style=\"--awb-bg-size:cover;width:48%; margin-right: 4%;\"><div class=\"fusion-column-wrapper fusion-flex-column-wrapper-legacy\"><div class=\"fusion-text fusion-text-1\"><h2><span style=\"color: #ffffff;\">NEBENKOSTEN &#8211; ABRECHNUNG<\/span><\/h2>\n<\/div><div class=\"fusion-sep-clear\"><\/div><div class=\"fusion-separator fusion-full-width-sep\" style=\"margin-left: auto;margin-right: auto;margin-top:20px;width:100%;\"><\/div><div class=\"fusion-sep-clear\"><\/div><div class=\"fusion-button-wrapper\"><a class=\"fusion-button button-flat button-xlarge button-default fusion-button-default button-1 fusion-button-default-span fusion-button-default-type\" target=\"_self\" href=\"https:\/\/toelzer-immobilienboerse.de\/?page_id=15\"><span class=\"fusion-button-text awb-button__text awb-button__text--default\">KONTAKTAUFNAHME<\/span><\/a><\/div><div class=\"fusion-clearfix\"><\/div><\/div><\/div><div class=\"fusion-layout-column fusion_builder_column fusion-builder-column-1 fusion_builder_column_1_2 1_2 fusion-one-half fusion-column-last\" style=\"--awb-bg-size:cover;width:48%;\"><div class=\"fusion-column-wrapper fusion-flex-column-wrapper-legacy\"><div class=\"fusion-clearfix\"><\/div><\/div><\/div><\/div><\/div><div class=\"fusion-fullwidth fullwidth-box fusion-builder-row-2 nonhundred-percent-fullwidth non-hundred-percent-height-scrolling\" style=\"--awb-background-position:left top;--awb-border-radius-top-left:0px;--awb-border-radius-top-right:0px;--awb-border-radius-bottom-right:0px;--awb-border-radius-bottom-left:0px;--awb-padding-top:130px;--awb-padding-bottom:130px;--awb-border-sizes-top:0px;--awb-border-sizes-bottom:0px;--awb-flex-wrap:wrap;\" ><div class=\"fusion-builder-row fusion-row\"><div class=\"fusion-layout-column fusion_builder_column fusion-builder-column-2 fusion_builder_column_2_3 2_3 fusion-two-third fusion-column-first\" style=\"--awb-bg-size:cover;width:65.3333%; margin-right: 4%;\"><div class=\"fusion-column-wrapper fusion-flex-column-wrapper-legacy\"><div class=\"fusion-text fusion-text-2\"><p><span style=\"font-size: 24pt;\">ERSTELLUNG DER NEBENKOSTEN \u2013 ABRECHNUNG<\/span><\/p>\n<\/div><div class=\"fusion-sep-clear\"><\/div><div class=\"fusion-separator fusion-clearfix\" style=\"float:left;margin-top:0px;margin-bottom:35px;width:100%;max-width:170px;\"><div class=\"fusion-separator-border sep-single sep-solid\" style=\"--awb-height:20px;--awb-amount:20px;--awb-sep-color:#e2e3e8;border-color:#e2e3e8;border-top-width:3px;\"><\/div><\/div><div class=\"fusion-sep-clear\"><\/div><div class=\"fusion-text fusion-text-3\"><\/div><div class=\"fusion-text fusion-text-4\"><p>Sie haben bestimmt etwas Besseres zu tun \u2026<\/p>\n<p>\u2026 als Nebenkostenabrechnungen m\u00fchsam zu erstellen!<\/p>\n<p>Unser Nebenkosten-Abrechnungsservice bezieht sich auf die Abrechnung ihrer Hausverwaltung. Wir erstellen eine Abrechnung bez\u00fcglich der umlagef\u00e4higen Betriebskosten in ihrem Auftrag. Die Einsicht aller Unterlagen durch den Mieter, kann wenn gew\u00fcnscht in unseren B\u00fcror\u00e4umen durchgef\u00fchrt werden, kein Zeitaufwand f\u00fcr Sie. Zudem ersparen Sie sich evtl. unangenehme Fragen bezugnehmend auf die Abrechnung.<\/p>\n<p>Nehmen Sie Ihre Unterlagen und kommen Sie zu uns \u2026<\/p>\n<p>wir k\u00fcmmern uns um den Rest \u2026<\/p>\n<p>Bei mehreren Wohneinheiten oder gr\u00f6\u00dferen Liegenschaften sowie Gewerbeeinheiten erstellen wir Ihnen gerne ein individuelles Angebot.<\/p>\n<p>Wir freuen uns auf Sie!<\/p>\n<p>&nbsp;<\/p>\n<p>Preisliste:<\/p>\n<ul>\n<li>Datenerfassung zur Erstabrechnung pro Stunde 38,00 Euro zzgl. 19% Mehrwertsteuer<\/li>\n<li>Abrechnungspauschale pro Wohneinheit und Abrechnung 29,00 Euro zzgl. 19% Mehrwertsteuer<\/li>\n<li>1 Kopie 0,25 Euro<\/li>\n<li>Portokosten<\/li>\n<\/ul>\n<p>&nbsp;<\/p>\n<p>Ben\u00f6tigte Unterlagen:<\/p>\n<ul>\n<li>Abrechnungsunterlagen ihrer Hausverwaltung<\/li>\n<li>Grundsteuerbescheid<\/li>\n<li>Mietvertrag<\/li>\n<li>Bankverbindung<\/li>\n<\/ul>\n<\/div><div class=\"fusion-clearfix\"><\/div><\/div><\/div><div class=\"fusion-layout-column fusion_builder_column fusion-builder-column-3 fusion_builder_column_1_3 1_3 fusion-one-third fusion-column-last\" style=\"--awb-bg-size:cover;width:30.6666%;\"><div class=\"fusion-column-wrapper fusion-flex-column-wrapper-legacy\"><div class=\"fusion-image-element in-legacy-container\" style=\"--awb-caption-title-font-family:var(--h2_typography-font-family);--awb-caption-title-font-weight:var(--h2_typography-font-weight);--awb-caption-title-font-style:var(--h2_typography-font-style);--awb-caption-title-size:var(--h2_typography-font-size);--awb-caption-title-transform:var(--h2_typography-text-transform);--awb-caption-title-line-height:var(--h2_typography-line-height);--awb-caption-title-letter-spacing:var(--h2_typography-letter-spacing);\"><span class=\" fusion-imageframe imageframe-none imageframe-1 hover-type-zoomin fusion-animated\" data-animationType=\"fadeInDown\" data-animationDuration=\"1.0\" data-animationOffset=\"top-into-view\"><img decoding=\"async\" src=\"https:\/\/toelzer-immobilienboerse.de\/wp-content\/uploads\/2015\/07\/Nebenkostenabrechnung-1-300x200.jpg\" alt class=\"img-responsive\"\/><\/span><\/div><div class=\"fusion-clearfix\"><\/div><\/div><\/div><\/div><\/div><\/p>\n","protected":false},"excerpt":{"rendered":"","protected":false},"author":1,"featured_media":0,"parent":0,"menu_order":0,"comment_status":"closed","ping_status":"open","template":"100-width.php","meta":{"footnotes":""},"class_list":["post-643","page","type-page","status-publish","hentry"],"_links":{"self":[{"href":"https:\/\/toelzer-immobilienboerse.de\/index.php?rest_route=\/wp\/v2\/pages\/643","targetHints":{"allow":["GET"]}}],"collection":[{"href":"https:\/\/toelzer-immobilienboerse.de\/index.php?rest_route=\/wp\/v2\/pages"}],"about":[{"href":"https:\/\/toelzer-immobilienboerse.de\/index.php?rest_route=\/wp\/v2\/types\/page"}],"author":[{"embeddable":true,"href":"https:\/\/toelzer-immobilienboerse.de\/index.php?rest_route=\/wp\/v2\/users\/1"}],"replies":[{"embeddable":true,"href":"https:\/\/toelzer-immobilienboerse.de\/index.php?rest_route=%2Fwp%2Fv2%2Fcomments&post=643"}],"version-history":[{"count":7,"href":"https:\/\/toelzer-immobilienboerse.de\/index.php?rest_route=\/wp\/v2\/pages\/643\/revisions"}],"predecessor-version":[{"id":795,"href":"https:\/\/toelzer-immobilienboerse.de\/index.php?rest_route=\/wp\/v2\/pages\/643\/revisions\/795"}],"wp:attachment":[{"href":"https:\/\/toelzer-immobilienboerse.de\/index.php?rest_route=%2Fwp%2Fv2%2Fmedia&parent=643"}],"curies":[{"name":"wp","href":"https:\/\/api.w.org\/{rel}","templated":true}]}}