{"id":697,"date":"2020-01-20T18:07:45","date_gmt":"2020-01-20T18:07:45","guid":{"rendered":"https:\/\/toelzer-immobilienboerse.de\/?page_id=697"},"modified":"2025-06-05T11:37:21","modified_gmt":"2025-06-05T11:37:21","slug":"impressum","status":"publish","type":"page","link":"https:\/\/toelzer-immobilienboerse.de\/?page_id=697","title":{"rendered":"Impressum"},"content":{"rendered":"<div class=\"fusion-fullwidth fullwidth-box fusion-builder-row-1 nonhundred-percent-fullwidth non-hundred-percent-height-scrolling\" style=\"--awb-background-position:left top;--awb-border-sizes-top:0px;--awb-border-sizes-bottom:0px;--awb-border-sizes-left:0px;--awb-border-sizes-right:0px;--awb-border-radius-top-left:0px;--awb-border-radius-top-right:0px;--awb-border-radius-bottom-right:0px;--awb-border-radius-bottom-left:0px;--awb-padding-top:150px;--awb-padding-bottom:150px;--awb-flex-wrap:wrap;\" ><div class=\"fusion-builder-row fusion-row\"><div class=\"fusion-layout-column fusion_builder_column fusion-builder-column-0 fusion_builder_column_1_2 1_2 fusion-one-half fusion-column-first\" style=\"--awb-bg-size:cover;width:48%; margin-right: 4%;\"><div class=\"fusion-column-wrapper fusion-flex-column-wrapper-legacy\"><div class=\"fusion-text fusion-text-1\"><div><span style=\"font-size: 24pt;\">IMPRESSUM<\/span><\/div>\n<\/div><div class=\"fusion-sep-clear\"><\/div><div class=\"fusion-separator fusion-clearfix\" style=\"float:left;margin-top:0px;margin-bottom:35px;width:100%;max-width:170px;\"><div class=\"fusion-separator-border sep-single sep-solid\" style=\"--awb-height:20px;--awb-amount:20px;--awb-sep-color:#e2e3e8;border-color:#e2e3e8;border-top-width:3px;\"><\/div><\/div><div class=\"fusion-sep-clear\"><\/div><div class=\"fusion-text fusion-text-2\"><div>Immobilienb\u00f6rse<\/div>\n<div>Inh.: Markus Ronovsk\u00fd<\/div>\n<div>Theresienstra\u00dfe 68<\/div>\n<div>85399 Hallbergmoos<\/div>\n<div><\/div>\n<div>Telefon: 0 8 11.982 599<\/div>\n<div>Telefax: 0 8 11.9 35 99<\/div>\n<div><\/div>\n<div>E-Mail: info [at] toelzer-immobilienboerse.de<\/div>\n<div>Homepage: <a href=\"https:\/\/www.toelzer-immobilienboerse.de\">www.toelzer-immobilienboerse.de<\/a><\/div>\n<div><\/div>\n<\/div><div class=\"fusion-clearfix\"><\/div><\/div><\/div><div class=\"fusion-layout-column fusion_builder_column fusion-builder-column-1 fusion_builder_column_1_2 1_2 fusion-one-half fusion-column-last\" style=\"--awb-bg-size:cover;width:48%;\"><div class=\"fusion-column-wrapper fusion-flex-column-wrapper-legacy\"><div class=\"fusion-image-element in-legacy-container\" style=\"--awb-caption-title-font-family:var(--h2_typography-font-family);--awb-caption-title-font-weight:var(--h2_typography-font-weight);--awb-caption-title-font-style:var(--h2_typography-font-style);--awb-caption-title-size:var(--h2_typography-font-size);--awb-caption-title-transform:var(--h2_typography-text-transform);--awb-caption-title-line-height:var(--h2_typography-line-height);--awb-caption-title-letter-spacing:var(--h2_typography-letter-spacing);\"><span class=\" fusion-imageframe imageframe-none imageframe-1 hover-type-zoomin fusion-animated\" data-animationType=\"fadeInDown\" data-animationDuration=\"1.0\" data-animationOffset=\"top-into-view\"><img decoding=\"async\" src=\"https:\/\/toelzer-immobilienboerse.de\/wp-content\/uploads\/2016\/10\/Recht-300x200.jpg\" alt class=\"img-responsive\"\/><\/span><\/div><div class=\"fusion-sep-clear\"><\/div><div class=\"fusion-separator fusion-full-width-sep\" style=\"margin-left: auto;margin-right: auto;margin-top:40px;width:100%;\"><\/div><div class=\"fusion-sep-clear\"><\/div><div class=\"fusion-clearfix\"><\/div><\/div><\/div><div class=\"fusion-layout-column fusion_builder_column fusion-builder-column-2 fusion_builder_column_1_1 1_1 fusion-one-full fusion-column-first fusion-column-last fusion-column-no-min-height\" style=\"--awb-bg-size:cover;--awb-margin-bottom:0px;\"><div class=\"fusion-column-wrapper fusion-flex-column-wrapper-legacy\"><div class=\"fusion-sep-clear\"><\/div><div class=\"fusion-separator fusion-full-width-sep\" style=\"margin-left: auto;margin-right: auto;margin-top:40px;width:100%;\"><\/div><div class=\"fusion-sep-clear\"><\/div><div class=\"fusion-text fusion-text-3\"><div><\/div>\n<div>Umsatzsteuer-Identifikationsnummer gem\u00e4\u00df \u00a7 27 a Umsatzsteuergesetz: DE 814 489 161<\/div>\n<div><\/div>\n<div>Erlaubnis nach \u00a734c Abs. 1 GewO erteilt durch das Ordnungsamt Bad T\u00f6lz\/Wolfratshausen.<\/div>\n<div><\/div>\n<div>Kammerzugeh\u00f6rigkeit: Industrie- und Handelskammer f\u00fcr M\u00fcnchen und Oberbayern, Max-Joseph-Str. 2, 80333 M\u00fcnchen, <a href=\"http:\/\/www.muenchen.ihk.de\" target=\"_blank\" rel=\"noopener noreferrer\">www.muenchen.ihk.de<\/a><\/div>\n<\/div><div class=\"fusion-sep-clear\"><\/div><div class=\"fusion-separator fusion-full-width-sep\" style=\"margin-left: auto;margin-right: auto;margin-top:40px;width:100%;\"><\/div><div class=\"fusion-sep-clear\"><\/div><div class=\"fusion-text fusion-text-4\"><div><strong><span style=\"font-size: 14pt;\">Verbraucherinformationen:<\/span><\/strong><\/div>\n<div><\/div>\n<div>Online-Streitbeilegung gem\u00e4\u00df Art. 14 Abs. 1 ODR-VO:<\/div>\n<div>Die Europ\u00e4ische Kommission stellt eine Plattform zur Online-Streitbeilegung (OS) bereit,<\/div>\n<div>die Sie hier finden: <a href=\"http:\/\/www.ec.europa.eu\/consumers\/odr\">ec.europa.eu\/consumers\/odr<\/a><\/div>\n<div><\/div>\n<\/div><div class=\"fusion-clearfix\"><\/div><\/div><\/div><\/div><\/div>\n","protected":false},"excerpt":{"rendered":"","protected":false},"author":1,"featured_media":0,"parent":0,"menu_order":0,"comment_status":"closed","ping_status":"closed","template":"","meta":{"footnotes":""},"class_list":["post-697","page","type-page","status-publish","hentry"],"_links":{"self":[{"href":"https:\/\/toelzer-immobilienboerse.de\/index.php?rest_route=\/wp\/v2\/pages\/697","targetHints":{"allow":["GET"]}}],"collection":[{"href":"https:\/\/toelzer-immobilienboerse.de\/index.php?rest_route=\/wp\/v2\/pages"}],"about":[{"href":"https:\/\/toelzer-immobilienboerse.de\/index.php?rest_route=\/wp\/v2\/types\/page"}],"author":[{"embeddable":true,"href":"https:\/\/toelzer-immobilienboerse.de\/index.php?rest_route=\/wp\/v2\/users\/1"}],"replies":[{"embeddable":true,"href":"https:\/\/toelzer-immobilienboerse.de\/index.php?rest_route=%2Fwp%2Fv2%2Fcomments&post=697"}],"version-history":[{"count":8,"href":"https:\/\/toelzer-immobilienboerse.de\/index.php?rest_route=\/wp\/v2\/pages\/697\/revisions"}],"predecessor-version":[{"id":820,"href":"https:\/\/toelzer-immobilienboerse.de\/index.php?rest_route=\/wp\/v2\/pages\/697\/revisions\/820"}],"wp:attachment":[{"href":"https:\/\/toelzer-immobilienboerse.de\/index.php?rest_route=%2Fwp%2Fv2%2Fmedia&parent=697"}],"curies":[{"name":"wp","href":"https:\/\/api.w.org\/{rel}","templated":true}]}}