{"id":743,"date":"2020-01-26T15:58:28","date_gmt":"2020-01-26T15:58:28","guid":{"rendered":"https:\/\/toelzer-immobilienboerse.de\/?page_id=743"},"modified":"2020-02-23T09:23:27","modified_gmt":"2020-02-23T09:23:27","slug":"rechtliche-hinweise","status":"publish","type":"page","link":"https:\/\/toelzer-immobilienboerse.de\/?page_id=743","title":{"rendered":"Rechtliche Hinweise, Urheberrecht"},"content":{"rendered":"<p><div class=\"fusion-fullwidth fullwidth-box fusion-builder-row-1 nonhundred-percent-fullwidth non-hundred-percent-height-scrolling\" style=\"--awb-border-radius-top-left:0px;--awb-border-radius-top-right:0px;--awb-border-radius-bottom-right:0px;--awb-border-radius-bottom-left:0px;--awb-padding-top:20px;--awb-padding-bottom:20px;--awb-flex-wrap:wrap;\" ><div class=\"fusion-builder-row fusion-row\"><div class=\"fusion-layout-column fusion_builder_column fusion-builder-column-0 fusion_builder_column_1_2 1_2 fusion-one-half fusion-column-first\" style=\"--awb-bg-size:cover;width:50%;width:calc(50% - ( ( 4% ) * 0.5 ) );margin-right: 4%;\"><div class=\"fusion-column-wrapper fusion-flex-column-wrapper-legacy\"><div class=\"fusion-text fusion-text-1\"><p><span style=\"font-size: 24pt;\"><strong>Rechtliche Hinweise, Urheberrecht<\/strong><\/span><\/p>\n<\/div><div class=\"fusion-sep-clear\"><\/div><div class=\"fusion-separator fusion-clearfix\" style=\"float:left;margin-bottom:35px;width:100%;max-width:170px;\"><div class=\"fusion-separator-border sep-single sep-solid\" style=\"--awb-height:20px;--awb-amount:20px;border-color:#e0dede;border-top-width:3px;\"><\/div><\/div><div class=\"fusion-sep-clear\"><\/div><div class=\"fusion-clearfix\"><\/div><\/div><\/div><div class=\"fusion-layout-column fusion_builder_column fusion-builder-column-1 fusion_builder_column_1_2 1_2 fusion-one-half fusion-column-last\" style=\"--awb-bg-size:cover;width:50%;width:calc(50% - ( ( 4% ) * 0.5 ) );\"><div class=\"fusion-column-wrapper fusion-flex-column-wrapper-legacy\"><div class=\"fusion-image-element in-legacy-container\" style=\"--awb-caption-title-font-family:var(--h2_typography-font-family);--awb-caption-title-font-weight:var(--h2_typography-font-weight);--awb-caption-title-font-style:var(--h2_typography-font-style);--awb-caption-title-size:var(--h2_typography-font-size);--awb-caption-title-transform:var(--h2_typography-text-transform);--awb-caption-title-line-height:var(--h2_typography-line-height);--awb-caption-title-letter-spacing:var(--h2_typography-letter-spacing);\"><span class=\" fusion-imageframe imageframe-none imageframe-1 hover-type-none\"><img decoding=\"async\" src=\"https:\/\/toelzer-immobilienboerse.de\/wp-content\/uploads\/2016\/10\/Recht-300x200.jpg\" alt class=\"img-responsive\"\/><\/span><\/div><div class=\"fusion-sep-clear\"><\/div><div class=\"fusion-separator fusion-full-width-sep\" style=\"margin-left: auto;margin-right: auto;width:100%;\"><\/div><div class=\"fusion-sep-clear\"><\/div><div class=\"fusion-clearfix\"><\/div><\/div><\/div><\/div><\/div><div class=\"fusion-fullwidth fullwidth-box fusion-builder-row-2 nonhundred-percent-fullwidth non-hundred-percent-height-scrolling\" style=\"--awb-border-radius-top-left:0px;--awb-border-radius-top-right:0px;--awb-border-radius-bottom-right:0px;--awb-border-radius-bottom-left:0px;--awb-padding-top:20px;--awb-padding-bottom:20px;--awb-flex-wrap:wrap;\" ><div class=\"fusion-builder-row fusion-row\"><div class=\"fusion-layout-column fusion_builder_column fusion-builder-column-2 fusion_builder_column_1_1 1_1 fusion-one-full fusion-column-first fusion-column-last\" style=\"--awb-bg-size:cover;\"><div class=\"fusion-column-wrapper fusion-flex-column-wrapper-legacy\"><div class=\"fusion-text fusion-text-2\"><div class=\"fusion-text fusion-text-2\"><\/div>\n<div style=\"text-align: left;\"><\/div>\n<div><\/div>\n<div><\/div>\n<div><strong><span style=\"font-size: 14pt;\">Inhalt der Internetpr\u00e4senz<\/span><\/strong><\/div>\n<div>\n<p>Die Immobilienb\u00f6rse \u00fcbernimmt keinerlei Gew\u00e4hr f\u00fcr die Aktualit\u00e4t, Korrektheit, Vollst\u00e4ndigkeit oder Qualit\u00e4t der bereitgestellten Informationen. Haftungsanspr\u00fcche gegen die Immobilienb\u00f6rse, welche sich auf Sch\u00e4den materieller oder ideeller Art beziehen, die durch die Nutzung oder Nichtnutzung der dargebotenen Informationen bzw. durch die Nutzung fehlerhafter und unvollst\u00e4ndiger Informationen verursacht wurden sind grunds\u00e4tzlich ausgeschlossen, sofern von der Immobilienb\u00f6rse kein nachweislich vors\u00e4tzliches oder grob fahrl\u00e4ssiges Verschulden vorliegt. Alle Angebote sind freibleibend und unverbindlich. Die Immobilienb\u00f6rse beh\u00e4lt es sich ausdr\u00fccklich vor, Teile der Seiten oder das gesamte Angebot ohne gesonderte Ank\u00fcndigung zu ver\u00e4ndern, zu erg\u00e4nzen, zu l\u00f6schen oder die Ver\u00f6ffentlichung zeitweise oder endg\u00fcltig einzustellen.<\/p>\n<p><span style=\"font-size: 14pt;\"><strong>Hinweis zur Problematik von externen Links<\/strong><\/span><\/p>\n<p>Die Immobilienb\u00f6rse ist als Inhaltsanbieter f\u00fcr die &#8222;eigenen Inhalte&#8220;, die die Immobilienb\u00f6rse zur Nutzung bereith\u00e4lt, nach den allgemeinen Gesetzen verantwortlich. In dieser Internetpr\u00e4senz existieren Querverweise (&#8222;Links&#8220;) auf von anderen Anbietern bereitgehaltene Inhalte. F\u00fcr diese fremden Inhalte ist die Immobilienb\u00f6rse nur dann verantwortlich, wenn die Immobilienb\u00f6rse von ihnen (d.h. auch von einem rechtswidrigen bzw. strafbaren Inhalt) positive Kenntnis hat und es der Immobilienb\u00f6rse technisch m\u00f6glich und zumutbar ist, deren Nutzung zu verhindern. Bei &#8222;Links&#8220; handelt es sich allerdings stets um &#8222;lebende&#8220; (statische) Verweisungen. Die Immobilienb\u00f6rse hat bei der erstmaligen Verkn\u00fcpfung zwar den fremden Inhalt daraufhin \u00fcberpr\u00fcft, ob durch ihn eine m\u00f6gliche zivilrechtliche oder strafrechtliche Verantwortlichkeit ausgel\u00f6st wird, jedoch ist die Immobilienb\u00f6rse aber nicht dazu verpflichtet, die Inhalte, auf die die Immobilienb\u00f6rse innerhalb dieser Seiten verweist, st\u00e4ndig auf Ver\u00e4nderungen zu \u00fcberpr\u00fcfen, die eine Verantwortlichkeit neu begr\u00fcnden k\u00f6nnten. Erst wenn wir feststellen oder von anderen darauf hingewiesen werden, dass ein konkretes Angebot, zu dem wir einen Link bereitgestellt haben, eine zivil- oder strafrechtliche Verantwortlichkeit ausl\u00f6st, werden wir den Verweis auf dieses Angebot aufheben, soweit uns dies technisch m\u00f6glich und zumutbar ist. Die technische M\u00f6glichkeit und Zumutbarkeit wird nicht dadurch beeinflusst, dass auch nach Unterbindung des Zugriffs von unserer Homepage von anderen Servern aus auf das rechtswidrige oder strafbare Angebot zugegriffen werden kann.<\/p>\n<p><span style=\"font-size: 14pt;\"><strong>Urheber- und Kennzeichenrecht<\/strong><\/span><\/p>\n<p>Die Immobilienb\u00f6rse ist bestrebt, die Urheberrechte der verwendeten Grafiken, Tondokumente, Videosequenzen und Texte zu beachten, selbst erstellte Grafiken, Tondokumente, Videosequenzen und Texte zu nutzen oder auf lizenzfreie Grafiken, Tondokumente, Videosequenzen und Texte zur\u00fcckzugreifen. Alle innerhalb des Internetangebotes genannten und ggf. durch Dritte gesch\u00fctzten Marken- und Warenzeichen unterliegen uneingeschr\u00e4nkt den Bestimmungen des jeweils g\u00fcltigen Kennzeichenrechts und den Besitzrechten der jeweiligen eingetragenen Eigent\u00fcmer. Allein aufgrund der blo\u00dfen Nennung ist nicht der Schluss zu ziehen, dass Markenzeichen nicht durch Rechte Dritter gesch\u00fctzt sind! Das Copyright f\u00fcr ver\u00f6ffentlichte, von der Immobilienb\u00f6rse selbst erstellte Objekte bleibt allein bei der Immobilienb\u00f6rse. Eine Vervielf\u00e4ltigung oder Verwendung solcher Grafiken, Tondokumente, Videosequenzen und Texte in anderen elektronischen oder gedruckten Publikationen ist ohne ausdr\u00fcckliche Zustimmung durch die Immobilienb\u00f6rse nicht gestattet.<\/p>\n<p>Das Logo der Immobilienb\u00f6rse \u00ae ist eine eingetragen Marke.<\/p>\n<div>Das Kartenmaterial von Google-Maps wurde \u00fcber einen API-Schl\u00fcssel erstellt. Das von Google Maps API zur Verf\u00fcgung gestellte Kartenmaterial ist f\u00fcr Websites, die f\u00fcr Besucher der Hompage kostenlos sind.<\/div>\n<div>\n<p><span style=\"font-size: 14pt;\"><strong>Rechtswirksamkeit<\/strong><\/span><\/p>\n<p>Sofern Teile oder einzelne Formulierungen dieses Textes der geltenden Rechtslage nicht, nicht mehr oder nicht vollst\u00e4ndig entsprechen sollten, bleiben die \u00fcbrigen Teile in ihrem Inhalt und Ihrer G\u00fcltigkeit davon unber\u00fchrt.<\/p>\n<p><span style=\"font-size: 14pt;\"><strong>Urheberrecht an Bildern von Dritten:<\/strong><\/span><\/p>\n<p><a href=\"https:\/\/toelzer-immobilienboerse.de\/slide\/impressum\">65026628 \u2013 Mann dr\u00fcckt Paragraph-Symbol \u00a9 fotogestoeber \u2013 Fotolia.com<\/a><\/p>\n<p><a href=\"https:\/\/toelzer-immobilienboerse.de\/mietobjektcheck\">55749639 \u2013 OK.The Dude giving thumb up next \u2026 \u00a9 jojj11 \u2013 Fotolia.com<\/a><\/p>\n<p><a href=\"https:\/\/toelzer-immobilienboerse.de\/empfehlen-sie-uns\">57367074 \u2013 Informationsweitergabe \u2013 Mundprop \u2026 \u00a9 blobbotronic \u2013 Fotolia.com<\/a><\/p>\n<p><a href=\"https:\/\/toelzer-immobilienboerse.de\/objekteinwertung\">66913419 \u2013 construction plans \u00a9 Paulista \u2013 Fotolia.com<\/a><\/p>\n<p><a href=\"https:\/\/toelzer-immobilienboerse.de\/nk-abrechnung\">68829808 \u2013 Nebenkostenabrechnung \u00a9 blende11.photo \u2013 Fotolia.com<\/a><\/p>\n<p><a href=\"https:\/\/toelzer-immobilienboerse.de\/vermietung\">54356375 \u2013 Mietvertrag mit Schl\u00fcssel \u2026 \u00a9 eccolo \u2013 Fotolia.com<\/a><\/p>\n<p><a href=\"https:\/\/toelzer-immobilienboerse.de\/verkauf\">25019781 \u2013 H\u00e4uschen auf Notarvertrag \u00a9 rupbilder \u2013 Fotolia.com<\/a><\/p>\n<p><a href=\"https:\/\/toelzer-immobilienboerse.de\/unternehmen\">86081438 \u2013 Compassion banner \u2013 wide_banner \u2026 \u00a9 Nikki Zalewski \u2013 Fotalia.com<\/a><\/p>\n<p><a href=\"https:\/\/toelzer-immobilienboerse.de\/unternehmen\">44555919 \u2013 Hand Pfote Freundschaft \u2013 \u00a9 sonne_fleckl \u2013 Fotalia.com<\/a><\/p>\n<\/div>\n<\/div>\n<\/div><div class=\"fusion-clearfix\"><\/div><\/div><\/div><\/div><\/div><div class=\"fusion-fullwidth fullwidth-box fusion-builder-row-3 nonhundred-percent-fullwidth non-hundred-percent-height-scrolling\" style=\"--awb-border-radius-top-left:0px;--awb-border-radius-top-right:0px;--awb-border-radius-bottom-right:0px;--awb-border-radius-bottom-left:0px;--awb-flex-wrap:wrap;\" ><\/div><\/p>\n","protected":false},"excerpt":{"rendered":"","protected":false},"author":1,"featured_media":0,"parent":0,"menu_order":0,"comment_status":"closed","ping_status":"closed","template":"","meta":{"footnotes":""},"class_list":["post-743","page","type-page","status-publish","hentry"],"_links":{"self":[{"href":"https:\/\/toelzer-immobilienboerse.de\/index.php?rest_route=\/wp\/v2\/pages\/743","targetHints":{"allow":["GET"]}}],"collection":[{"href":"https:\/\/toelzer-immobilienboerse.de\/index.php?rest_route=\/wp\/v2\/pages"}],"about":[{"href":"https:\/\/toelzer-immobilienboerse.de\/index.php?rest_route=\/wp\/v2\/types\/page"}],"author":[{"embeddable":true,"href":"https:\/\/toelzer-immobilienboerse.de\/index.php?rest_route=\/wp\/v2\/users\/1"}],"replies":[{"embeddable":true,"href":"https:\/\/toelzer-immobilienboerse.de\/index.php?rest_route=%2Fwp%2Fv2%2Fcomments&post=743"}],"version-history":[{"count":5,"href":"https:\/\/toelzer-immobilienboerse.de\/index.php?rest_route=\/wp\/v2\/pages\/743\/revisions"}],"predecessor-version":[{"id":796,"href":"https:\/\/toelzer-immobilienboerse.de\/index.php?rest_route=\/wp\/v2\/pages\/743\/revisions\/796"}],"wp:attachment":[{"href":"https:\/\/toelzer-immobilienboerse.de\/index.php?rest_route=%2Fwp%2Fv2%2Fmedia&parent=743"}],"curies":[{"name":"wp","href":"https:\/\/api.w.org\/{rel}","templated":true}]}}